{"id":33,"date":"2023-10-04T18:18:09","date_gmt":"2023-10-04T18:18:09","guid":{"rendered":"https:\/\/shangri-la.mx\/?page_id=33"},"modified":"2025-05-15T01:10:10","modified_gmt":"2025-05-15T01:10:10","slug":"shangri-la-restaurant-bistro","status":"publish","type":"page","link":"https:\/\/shangri-la.mx\/en\/shangri-la-restaurant-bistro\/","title":{"rendered":"Appetizers &amp; Soups"},"content":{"rendered":"<div data-elementor-type=\"wp-page\" data-elementor-id=\"33\" class=\"elementor elementor-33\">\n\t\t\t\t<div class=\"elementor-element elementor-element-e07b36a e-flex e-con-boxed e-con e-parent\" data-id=\"e07b36a\" data-element_type=\"container\" data-e-type=\"container\" data-settings=\"{&quot;background_background&quot;:&quot;classic&quot;}\">\n\t\t\t\t\t<div class=\"e-con-inner\">\n\t\t<div class=\"elementor-element elementor-element-cfa1116 e-flex e-con-boxed e-con e-child\" data-id=\"cfa1116\" data-element_type=\"container\" data-e-type=\"container\">\n\t\t\t\t\t<div class=\"e-con-inner\">\n\t\t\t\t<div class=\"elementor-element elementor-element-0530eb9 titulo elementor-widget elementor-widget-heading\" data-id=\"0530eb9\" data-element_type=\"widget\" data-e-type=\"widget\" data-widget_type=\"heading.default\">\n\t\t\t\t<div class=\"elementor-widget-container\">\n\t\t\t\t\t<h2 class=\"elementor-heading-title elementor-size-default\">Entrem\u00e9s<\/h2>\t\t\t\t<\/div>\n\t\t\t\t<\/div>\n\t\t\t\t\t<\/div>\n\t\t\t\t<\/div>\n\t\t\t\t\t<\/div>\n\t\t\t\t<\/div>\n\t\t<div class=\"elementor-element elementor-element-3d55799 e-flex e-con-boxed e-con e-parent\" data-id=\"3d55799\" data-element_type=\"container\" data-e-type=\"container\" data-settings=\"{&quot;background_background&quot;:&quot;classic&quot;}\">\n\t\t\t\t\t<div class=\"e-con-inner\">\n\t\t<div class=\"elementor-element elementor-element-50fd5bd e-flex e-con-boxed e-con e-child\" data-id=\"50fd5bd\" data-element_type=\"container\" data-e-type=\"container\">\n\t\t\t\t\t<div class=\"e-con-inner\">\n\t\t<div class=\"elementor-element elementor-element-ff92eb0 e-flex e-con-boxed e-con e-child\" data-id=\"ff92eb0\" data-element_type=\"container\" data-e-type=\"container\">\n\t\t\t\t\t<div class=\"e-con-inner\">\n\t\t\t\t<div class=\"elementor-element elementor-element-80935d6 elementor-widget elementor-widget-image\" data-id=\"80935d6\" data-element_type=\"widget\" data-e-type=\"widget\" data-widget_type=\"image.default\">\n\t\t\t\t<div class=\"elementor-widget-container\">\n\t\t\t\t\t\t\t\t\t\t\t\t\t\t\t<img fetchpriority=\"high\" decoding=\"async\" width=\"800\" height=\"450\" src=\"https:\/\/shangri-la.mx\/wp-content\/uploads\/2025\/05\/Pan-chino.jpg\" class=\"attachment-large size-large wp-image-1892\" alt=\"\" srcset=\"https:\/\/shangri-la.mx\/wp-content\/uploads\/2025\/05\/Pan-chino.jpg 1000w, https:\/\/shangri-la.mx\/wp-content\/uploads\/2025\/05\/Pan-chino-300x169.jpg 300w, https:\/\/shangri-la.mx\/wp-content\/uploads\/2025\/05\/Pan-chino-768x432.jpg 768w, https:\/\/shangri-la.mx\/wp-content\/uploads\/2025\/05\/Pan-chino-18x10.jpg 18w\" sizes=\"(max-width: 800px) 100vw, 800px\" \/>\t\t\t\t\t\t\t\t\t\t\t\t\t\t\t<\/div>\n\t\t\t\t<\/div>\n\t\t\t\t<div class=\"elementor-element elementor-element-efb4ce6 elementor-widget elementor-widget-heading\" data-id=\"efb4ce6\" data-element_type=\"widget\" data-e-type=\"widget\" data-widget_type=\"heading.default\">\n\t\t\t\t<div class=\"elementor-widget-container\">\n\t\t\t\t\t<h2 class=\"elementor-heading-title elementor-size-default\">Steamed Pork Buns <\/h2>\t\t\t\t<\/div>\n\t\t\t\t<\/div>\n\t\t\t\t<div class=\"elementor-element elementor-element-8dd0284 elementor-widget elementor-widget-text-editor\" data-id=\"8dd0284\" data-element_type=\"widget\" data-e-type=\"widget\" data-widget_type=\"text-editor.default\">\n\t\t\t\t<div class=\"elementor-widget-container\">\n\t\t\t\t\t\t\t\t\t<p>Steamed buns filled with pork, chinese sausage, shitake mushroom, celery, water chestnut, soy and oyster sauce\u00a0 \u00a0<b>$165<\/b><\/p>\t\t\t\t\t\t\t\t<\/div>\n\t\t\t\t<\/div>\n\t\t\t\t\t<\/div>\n\t\t\t\t<\/div>\n\t\t<div class=\"elementor-element elementor-element-06d41f4 e-flex e-con-boxed e-con e-child\" data-id=\"06d41f4\" data-element_type=\"container\" data-e-type=\"container\">\n\t\t\t\t\t<div class=\"e-con-inner\">\n\t\t\t\t<div class=\"elementor-element elementor-element-19135b6 elementor-widget elementor-widget-image\" data-id=\"19135b6\" data-element_type=\"widget\" data-e-type=\"widget\" data-widget_type=\"image.default\">\n\t\t\t\t<div class=\"elementor-widget-container\">\n\t\t\t\t\t\t\t\t\t\t\t\t\t\t\t<img decoding=\"async\" width=\"800\" height=\"450\" src=\"https:\/\/shangri-la.mx\/wp-content\/uploads\/2025\/05\/Rollo-Shangri-La.jpg\" class=\"attachment-large size-large wp-image-1895\" alt=\"\" srcset=\"https:\/\/shangri-la.mx\/wp-content\/uploads\/2025\/05\/Rollo-Shangri-La.jpg 1000w, https:\/\/shangri-la.mx\/wp-content\/uploads\/2025\/05\/Rollo-Shangri-La-300x169.jpg 300w, https:\/\/shangri-la.mx\/wp-content\/uploads\/2025\/05\/Rollo-Shangri-La-768x432.jpg 768w, https:\/\/shangri-la.mx\/wp-content\/uploads\/2025\/05\/Rollo-Shangri-La-18x10.jpg 18w\" sizes=\"(max-width: 800px) 100vw, 800px\" \/>\t\t\t\t\t\t\t\t\t\t\t\t\t\t\t<\/div>\n\t\t\t\t<\/div>\n\t\t\t\t<div class=\"elementor-element elementor-element-8253982 elementor-widget elementor-widget-heading\" data-id=\"8253982\" data-element_type=\"widget\" data-e-type=\"widget\" data-widget_type=\"heading.default\">\n\t\t\t\t<div class=\"elementor-widget-container\">\n\t\t\t\t\t<h2 class=\"elementor-heading-title elementor-size-default\">Shangri-La Roll<\/h2>\t\t\t\t<\/div>\n\t\t\t\t<\/div>\n\t\t\t\t<div class=\"elementor-element elementor-element-2250374 elementor-widget elementor-widget-text-editor\" data-id=\"2250374\" data-element_type=\"widget\" data-e-type=\"widget\" data-widget_type=\"text-editor.default\">\n\t\t\t\t<div class=\"elementor-widget-container\">\n\t\t\t\t\t\t\t\t\t<p>BBQ pork, chicken, water chestnut, pollo, celery, carrot, wrapped in an egg crepe browned in flour\u00a0 \u00a0<strong>$175<\/strong><\/p>\t\t\t\t\t\t\t\t<\/div>\n\t\t\t\t<\/div>\n\t\t\t\t\t<\/div>\n\t\t\t\t<\/div>\n\t\t\t\t\t<\/div>\n\t\t\t\t<\/div>\n\t\t<div class=\"elementor-element elementor-element-3b6072e e-flex e-con-boxed e-con e-child\" data-id=\"3b6072e\" data-element_type=\"container\" data-e-type=\"container\">\n\t\t\t\t\t<div class=\"e-con-inner\">\n\t\t<div class=\"elementor-element elementor-element-5f57adc e-flex e-con-boxed e-con e-child\" data-id=\"5f57adc\" data-element_type=\"container\" data-e-type=\"container\">\n\t\t\t\t\t<div class=\"e-con-inner\">\n\t\t\t\t<div class=\"elementor-element elementor-element-03cde4c elementor-widget elementor-widget-heading\" data-id=\"03cde4c\" data-element_type=\"widget\" data-e-type=\"widget\" data-widget_type=\"heading.default\">\n\t\t\t\t<div class=\"elementor-widget-container\">\n\t\t\t\t\t<h2 class=\"elementor-heading-title elementor-size-default\">CHAR SIU<\/h2>\t\t\t\t<\/div>\n\t\t\t\t<\/div>\n\t\t\t\t<div class=\"elementor-element elementor-element-afc3ede elementor-widget elementor-widget-text-editor\" data-id=\"afc3ede\" data-element_type=\"widget\" data-e-type=\"widget\" data-widget_type=\"text-editor.default\">\n\t\t\t\t<div class=\"elementor-widget-container\">\n\t\t\t\t\t\t\t\t\t<p>BBQ pork with honey, hoisin and soy sauce\u00a0 \u00a0<b>$195<\/b><\/p>\t\t\t\t\t\t\t\t<\/div>\n\t\t\t\t<\/div>\n\t\t\t\t<div class=\"elementor-element elementor-element-c404393 elementor-widget elementor-widget-image\" data-id=\"c404393\" data-element_type=\"widget\" data-e-type=\"widget\" data-widget_type=\"image.default\">\n\t\t\t\t<div class=\"elementor-widget-container\">\n\t\t\t\t\t\t\t\t\t\t\t\t\t\t\t<img decoding=\"async\" width=\"800\" height=\"450\" src=\"https:\/\/shangri-la.mx\/wp-content\/uploads\/2025\/05\/Costillas-de-cerdo.jpg\" class=\"attachment-large size-large wp-image-1893\" alt=\"\" srcset=\"https:\/\/shangri-la.mx\/wp-content\/uploads\/2025\/05\/Costillas-de-cerdo.jpg 1000w, https:\/\/shangri-la.mx\/wp-content\/uploads\/2025\/05\/Costillas-de-cerdo-300x169.jpg 300w, https:\/\/shangri-la.mx\/wp-content\/uploads\/2025\/05\/Costillas-de-cerdo-768x432.jpg 768w, https:\/\/shangri-la.mx\/wp-content\/uploads\/2025\/05\/Costillas-de-cerdo-18x10.jpg 18w\" sizes=\"(max-width: 800px) 100vw, 800px\" \/>\t\t\t\t\t\t\t\t\t\t\t\t\t\t\t<\/div>\n\t\t\t\t<\/div>\n\t\t\t\t<div class=\"elementor-element elementor-element-6b2a707 elementor-widget elementor-widget-heading\" data-id=\"6b2a707\" data-element_type=\"widget\" data-e-type=\"widget\" data-widget_type=\"heading.default\">\n\t\t\t\t<div class=\"elementor-widget-container\">\n\t\t\t\t\t<h2 class=\"elementor-heading-title elementor-size-default\">Pork Ribs<\/h2>\t\t\t\t<\/div>\n\t\t\t\t<\/div>\n\t\t\t\t<div class=\"elementor-element elementor-element-397ca14 elementor-widget elementor-widget-text-editor\" data-id=\"397ca14\" data-element_type=\"widget\" data-e-type=\"widget\" data-widget_type=\"text-editor.default\">\n\t\t\t\t<div class=\"elementor-widget-container\">\n\t\t\t\t\t\t\t\t\t<p>With a side of Chinese mustard, sriracha and soy sauce<b>\u00a0 \u00a0$210<\/b><\/p>\t\t\t\t\t\t\t\t<\/div>\n\t\t\t\t<\/div>\n\t\t\t\t<div class=\"elementor-element elementor-element-f566201 elementor-widget elementor-widget-image\" data-id=\"f566201\" data-element_type=\"widget\" data-e-type=\"widget\" data-widget_type=\"image.default\">\n\t\t\t\t<div class=\"elementor-widget-container\">\n\t\t\t\t\t\t\t\t\t\t\t\t\t\t\t<img loading=\"lazy\" decoding=\"async\" width=\"800\" height=\"450\" src=\"https:\/\/shangri-la.mx\/wp-content\/uploads\/2025\/05\/Alitas-en-salsa-de-Ostion.jpg\" class=\"attachment-large size-large wp-image-1894\" alt=\"\" srcset=\"https:\/\/shangri-la.mx\/wp-content\/uploads\/2025\/05\/Alitas-en-salsa-de-Ostion.jpg 1000w, https:\/\/shangri-la.mx\/wp-content\/uploads\/2025\/05\/Alitas-en-salsa-de-Ostion-300x169.jpg 300w, https:\/\/shangri-la.mx\/wp-content\/uploads\/2025\/05\/Alitas-en-salsa-de-Ostion-768x432.jpg 768w, https:\/\/shangri-la.mx\/wp-content\/uploads\/2025\/05\/Alitas-en-salsa-de-Ostion-18x10.jpg 18w\" sizes=\"(max-width: 800px) 100vw, 800px\" \/>\t\t\t\t\t\t\t\t\t\t\t\t\t\t\t<\/div>\n\t\t\t\t<\/div>\n\t\t\t\t<div class=\"elementor-element elementor-element-f102424 elementor-widget elementor-widget-heading\" data-id=\"f102424\" data-element_type=\"widget\" data-e-type=\"widget\" data-widget_type=\"heading.default\">\n\t\t\t\t<div class=\"elementor-widget-container\">\n\t\t\t\t\t<h2 class=\"elementor-heading-title elementor-size-default\">Oyster Sauce Wings <\/h2>\t\t\t\t<\/div>\n\t\t\t\t<\/div>\n\t\t\t\t<div class=\"elementor-element elementor-element-4c733d8 elementor-widget elementor-widget-text-editor\" data-id=\"4c733d8\" data-element_type=\"widget\" data-e-type=\"widget\" data-widget_type=\"text-editor.default\">\n\t\t\t\t<div class=\"elementor-widget-container\">\n\t\t\t\t\t\t\t\t\t<p>Chicken wings cooked with oyster sauce, garlic, and ginger\u00a0 \u00a0<b>$250<\/b><\/p>\t\t\t\t\t\t\t\t<\/div>\n\t\t\t\t<\/div>\n\t\t\t\t\t<\/div>\n\t\t\t\t<\/div>\n\t\t<div class=\"elementor-element elementor-element-e3ede09 e-flex e-con-boxed e-con e-child\" data-id=\"e3ede09\" data-element_type=\"container\" data-e-type=\"container\">\n\t\t\t\t\t<div class=\"e-con-inner\">\n\t\t\t\t<div class=\"elementor-element elementor-element-8734de5 elementor-widget elementor-widget-image\" data-id=\"8734de5\" data-element_type=\"widget\" data-e-type=\"widget\" data-widget_type=\"image.default\">\n\t\t\t\t<div class=\"elementor-widget-container\">\n\t\t\t\t\t\t\t\t\t\t\t\t\t\t\t<img loading=\"lazy\" decoding=\"async\" width=\"800\" height=\"451\" src=\"https:\/\/shangri-la.mx\/wp-content\/uploads\/2023\/11\/TACOS-DE-LECHUGA.jpg\" class=\"attachment-large size-large wp-image-1452\" alt=\"\" srcset=\"https:\/\/shangri-la.mx\/wp-content\/uploads\/2023\/11\/TACOS-DE-LECHUGA.jpg 1000w, https:\/\/shangri-la.mx\/wp-content\/uploads\/2023\/11\/TACOS-DE-LECHUGA-300x169.jpg 300w, https:\/\/shangri-la.mx\/wp-content\/uploads\/2023\/11\/TACOS-DE-LECHUGA-768x433.jpg 768w, https:\/\/shangri-la.mx\/wp-content\/uploads\/2023\/11\/TACOS-DE-LECHUGA-18x10.jpg 18w\" sizes=\"(max-width: 800px) 100vw, 800px\" \/>\t\t\t\t\t\t\t\t\t\t\t\t\t\t\t<\/div>\n\t\t\t\t<\/div>\n\t\t\t\t<div class=\"elementor-element elementor-element-a1ecf7d elementor-widget elementor-widget-heading\" data-id=\"a1ecf7d\" data-element_type=\"widget\" data-e-type=\"widget\" data-widget_type=\"heading.default\">\n\t\t\t\t<div class=\"elementor-widget-container\">\n\t\t\t\t\t<h2 class=\"elementor-heading-title elementor-size-default\">Lettuce Tacos<\/h2>\t\t\t\t<\/div>\n\t\t\t\t<\/div>\n\t\t\t\t<div class=\"elementor-element elementor-element-161190a elementor-widget elementor-widget-text-editor\" data-id=\"161190a\" data-element_type=\"widget\" data-e-type=\"widget\" data-widget_type=\"text-editor.default\">\n\t\t\t\t<div class=\"elementor-widget-container\">\n\t\t\t\t\t\t\t\t\t<p>BBQ pork, chicken, oyster sauce, soy sauce, rice vinegar, sugar, sriracha, ginger, onion, garlic, carrot, peanut, and cilantro\u00a0 \u00a0<strong>$195<\/strong><\/p>\t\t\t\t\t\t\t\t<\/div>\n\t\t\t\t<\/div>\n\t\t\t\t<div class=\"elementor-element elementor-element-5facf9a elementor-widget elementor-widget-heading\" data-id=\"5facf9a\" data-element_type=\"widget\" data-e-type=\"widget\" data-widget_type=\"heading.default\">\n\t\t\t\t<div class=\"elementor-widget-container\">\n\t\t\t\t\t<h2 class=\"elementor-heading-title elementor-size-default\">Chinese Sausage<\/h2>\t\t\t\t<\/div>\n\t\t\t\t<\/div>\n\t\t\t\t<div class=\"elementor-element elementor-element-42e5595 elementor-widget elementor-widget-text-editor\" data-id=\"42e5595\" data-element_type=\"widget\" data-e-type=\"widget\" data-widget_type=\"text-editor.default\">\n\t\t\t\t<div class=\"elementor-widget-container\">\n\t\t\t\t\t\t\t\t\t<p>Fried pork sausage with soy sauce on white rice\u00a0 \u00a0<strong>$155<\/strong><\/p>\t\t\t\t\t\t\t\t<\/div>\n\t\t\t\t<\/div>\n\t\t\t\t<div class=\"elementor-element elementor-element-3dff6ed elementor-widget elementor-widget-image\" data-id=\"3dff6ed\" data-element_type=\"widget\" data-e-type=\"widget\" data-widget_type=\"image.default\">\n\t\t\t\t<div class=\"elementor-widget-container\">\n\t\t\t\t\t\t\t\t\t\t\t\t\t\t\t<img loading=\"lazy\" decoding=\"async\" width=\"800\" height=\"450\" src=\"https:\/\/shangri-la.mx\/wp-content\/uploads\/2025\/05\/Dumplings.jpg\" class=\"attachment-large size-large wp-image-1896\" alt=\"\" srcset=\"https:\/\/shangri-la.mx\/wp-content\/uploads\/2025\/05\/Dumplings.jpg 1000w, https:\/\/shangri-la.mx\/wp-content\/uploads\/2025\/05\/Dumplings-300x169.jpg 300w, https:\/\/shangri-la.mx\/wp-content\/uploads\/2025\/05\/Dumplings-768x432.jpg 768w, https:\/\/shangri-la.mx\/wp-content\/uploads\/2025\/05\/Dumplings-18x10.jpg 18w\" sizes=\"(max-width: 800px) 100vw, 800px\" \/>\t\t\t\t\t\t\t\t\t\t\t\t\t\t\t<\/div>\n\t\t\t\t<\/div>\n\t\t\t\t<div class=\"elementor-element elementor-element-4ecad14 elementor-widget elementor-widget-heading\" data-id=\"4ecad14\" data-element_type=\"widget\" data-e-type=\"widget\" data-widget_type=\"heading.default\">\n\t\t\t\t<div class=\"elementor-widget-container\">\n\t\t\t\t\t<h2 class=\"elementor-heading-title elementor-size-default\">Dumplings<\/h2>\t\t\t\t<\/div>\n\t\t\t\t<\/div>\n\t\t\t\t<div class=\"elementor-element elementor-element-3b691da elementor-widget elementor-widget-text-editor\" data-id=\"3b691da\" data-element_type=\"widget\" data-e-type=\"widget\" data-widget_type=\"text-editor.default\">\n\t\t\t\t<div class=\"elementor-widget-container\">\n\t\t\t\t\t\t\t\t\t<p class=\"Normal tm5 tm6\"><span class=\"tm7\">Shrimp and pork in soy sauce, oyster sauce, mushroom, water chestnut, and carrots\u00a0 \u00a0<strong>$210<\/strong><\/span><\/p>\t\t\t\t\t\t\t\t<\/div>\n\t\t\t\t<\/div>\n\t\t\t\t\t<\/div>\n\t\t\t\t<\/div>\n\t\t\t\t\t<\/div>\n\t\t\t\t<\/div>\n\t\t\t\t\t<\/div>\n\t\t\t\t<\/div>\n\t\t<div class=\"elementor-element elementor-element-a397e5e e-flex e-con-boxed e-con e-parent\" data-id=\"a397e5e\" data-element_type=\"container\" data-e-type=\"container\" data-settings=\"{&quot;background_background&quot;:&quot;classic&quot;}\">\n\t\t\t\t\t<div class=\"e-con-inner\">\n\t\t<div class=\"elementor-element elementor-element-a8262d2 e-flex e-con-boxed e-con e-child\" data-id=\"a8262d2\" data-element_type=\"container\" data-e-type=\"container\">\n\t\t\t\t\t<div class=\"e-con-inner\">\n\t\t\t\t<div class=\"elementor-element elementor-element-c2d0639 titulo elementor-widget elementor-widget-heading\" data-id=\"c2d0639\" data-element_type=\"widget\" data-e-type=\"widget\" data-widget_type=\"heading.default\">\n\t\t\t\t<div class=\"elementor-widget-container\">\n\t\t\t\t\t<h2 class=\"elementor-heading-title elementor-size-default\">Soups<\/h2>\t\t\t\t<\/div>\n\t\t\t\t<\/div>\n\t\t\t\t\t<\/div>\n\t\t\t\t<\/div>\n\t\t<div class=\"elementor-element elementor-element-8ed18e8 e-flex e-con-boxed e-con e-child\" data-id=\"8ed18e8\" data-element_type=\"container\" data-e-type=\"container\" data-settings=\"{&quot;background_background&quot;:&quot;classic&quot;}\">\n\t\t\t\t\t<div class=\"e-con-inner\">\n\t\t<div class=\"elementor-element elementor-element-7b16b78 e-flex e-con-boxed e-con e-child\" data-id=\"7b16b78\" data-element_type=\"container\" data-e-type=\"container\" data-settings=\"{&quot;background_background&quot;:&quot;classic&quot;}\">\n\t\t\t\t\t<div class=\"e-con-inner\">\n\t\t<div class=\"elementor-element elementor-element-7930d11 e-flex e-con-boxed e-con e-child\" data-id=\"7930d11\" data-element_type=\"container\" data-e-type=\"container\">\n\t\t\t\t\t<div class=\"e-con-inner\">\n\t\t\t\t<div class=\"elementor-element elementor-element-9ede5d3 elementor-widget elementor-widget-heading\" data-id=\"9ede5d3\" data-element_type=\"widget\" data-e-type=\"widget\" data-widget_type=\"heading.default\">\n\t\t\t\t<div class=\"elementor-widget-container\">\n\t\t\t\t\t<h2 class=\"elementor-heading-title elementor-size-default\">Spring Soup <\/h2>\t\t\t\t<\/div>\n\t\t\t\t<\/div>\n\t\t\t\t<div class=\"elementor-element elementor-element-f0ff602 elementor-widget elementor-widget-text-editor\" data-id=\"f0ff602\" data-element_type=\"widget\" data-e-type=\"widget\" data-widget_type=\"text-editor.default\">\n\t\t\t\t<div class=\"elementor-widget-container\">\n\t\t\t\t\t\t\t\t\t<p>Vegetable soup, mushroom, bamboo, chestnut, Chinese lettuce, corn, peas, and broccoli\u00a0\u00a0 \u00a0<b>$170<\/b><\/p>\t\t\t\t\t\t\t\t<\/div>\n\t\t\t\t<\/div>\n\t\t\t\t<div class=\"elementor-element elementor-element-ed6af99 elementor-widget elementor-widget-heading\" data-id=\"ed6af99\" data-element_type=\"widget\" data-e-type=\"widget\" data-widget_type=\"heading.default\">\n\t\t\t\t<div class=\"elementor-widget-container\">\n\t\t\t\t\t<h2 class=\"elementor-heading-title elementor-size-default\">Won Ton Soup <\/h2>\t\t\t\t<\/div>\n\t\t\t\t<\/div>\n\t\t\t\t<div class=\"elementor-element elementor-element-307b26e elementor-widget elementor-widget-text-editor\" data-id=\"307b26e\" data-element_type=\"widget\" data-e-type=\"widget\" data-widget_type=\"text-editor.default\">\n\t\t\t\t<div class=\"elementor-widget-container\">\n\t\t\t\t\t\t\t\t\t<p>Shrimp won ton, pork, soy sauce, oyster sauce, black mushroom, water chestnut\u00a0 \u00a0<strong>$190<\/strong><\/p>\t\t\t\t\t\t\t\t<\/div>\n\t\t\t\t<\/div>\n\t\t\t\t\t<\/div>\n\t\t\t\t<\/div>\n\t\t<div class=\"elementor-element elementor-element-a2c3cd9 e-flex e-con-boxed e-con e-child\" data-id=\"a2c3cd9\" data-element_type=\"container\" data-e-type=\"container\">\n\t\t\t\t\t<div class=\"e-con-inner\">\n\t\t<div class=\"elementor-element elementor-element-631adaf e-flex e-con-boxed e-con e-child\" data-id=\"631adaf\" data-element_type=\"container\" data-e-type=\"container\">\n\t\t\t\t\t<div class=\"e-con-inner\">\n\t\t\t\t<div class=\"elementor-element elementor-element-66ca322 elementor-widget elementor-widget-image\" data-id=\"66ca322\" data-element_type=\"widget\" data-e-type=\"widget\" data-widget_type=\"image.default\">\n\t\t\t\t<div class=\"elementor-widget-container\">\n\t\t\t\t\t\t\t\t\t\t\t\t\t\t\t<img loading=\"lazy\" decoding=\"async\" width=\"800\" height=\"450\" src=\"https:\/\/shangri-la.mx\/wp-content\/uploads\/2023\/11\/SOPA-SHANGRILA.jpg\" class=\"attachment-large size-large wp-image-1451\" alt=\"\" srcset=\"https:\/\/shangri-la.mx\/wp-content\/uploads\/2023\/11\/SOPA-SHANGRILA.jpg 1000w, https:\/\/shangri-la.mx\/wp-content\/uploads\/2023\/11\/SOPA-SHANGRILA-300x169.jpg 300w, https:\/\/shangri-la.mx\/wp-content\/uploads\/2023\/11\/SOPA-SHANGRILA-768x432.jpg 768w, https:\/\/shangri-la.mx\/wp-content\/uploads\/2023\/11\/SOPA-SHANGRILA-18x10.jpg 18w\" sizes=\"(max-width: 800px) 100vw, 800px\" \/>\t\t\t\t\t\t\t\t\t\t\t\t\t\t\t<\/div>\n\t\t\t\t<\/div>\n\t\t\t\t<div class=\"elementor-element elementor-element-c2cec58 elementor-widget elementor-widget-heading\" data-id=\"c2cec58\" data-element_type=\"widget\" data-e-type=\"widget\" data-widget_type=\"heading.default\">\n\t\t\t\t<div class=\"elementor-widget-container\">\n\t\t\t\t\t<h2 class=\"elementor-heading-title elementor-size-default\">Shangri-La Soup <\/h2>\t\t\t\t<\/div>\n\t\t\t\t<\/div>\n\t\t\t\t<div class=\"elementor-element elementor-element-f27a14a elementor-widget elementor-widget-text-editor\" data-id=\"f27a14a\" data-element_type=\"widget\" data-e-type=\"widget\" data-widget_type=\"text-editor.default\">\n\t\t\t\t<div class=\"elementor-widget-container\">\n\t\t\t\t\t\t\t\t\t<p>Vermicelli noodle, shrimp, chicken, BBQ pork, noodle, napa cabbage, peas, chestnut and mushroom \u00a0 \u00a0<b>$190<\/b><\/p>\t\t\t\t\t\t\t\t<\/div>\n\t\t\t\t<\/div>\n\t\t\t\t\t<\/div>\n\t\t\t\t<\/div>\n\t\t\t\t\t<\/div>\n\t\t\t\t<\/div>\n\t\t\t\t\t<\/div>\n\t\t\t\t<\/div>\n\t\t<div class=\"elementor-element elementor-element-c58bb93 e-flex e-con-boxed e-con e-child\" data-id=\"c58bb93\" data-element_type=\"container\" data-e-type=\"container\">\n\t\t\t\t\t<div class=\"e-con-inner\">\n\t\t<div class=\"elementor-element elementor-element-8b7543b e-flex e-con-boxed e-con e-child\" data-id=\"8b7543b\" data-element_type=\"container\" data-e-type=\"container\">\n\t\t\t\t\t<div class=\"e-con-inner\">\n\t\t\t\t\t<\/div>\n\t\t\t\t<\/div>\n\t\t<div class=\"elementor-element elementor-element-39e9200 e-flex e-con-boxed e-con e-child\" data-id=\"39e9200\" data-element_type=\"container\" data-e-type=\"container\">\n\t\t\t\t\t<div class=\"e-con-inner\">\n\t\t\t\t\t<\/div>\n\t\t\t\t<\/div>\n\t\t\t\t\t<\/div>\n\t\t\t\t<\/div>\n\t\t\t\t\t<\/div>\n\t\t\t\t<\/div>\n\t\t\t\t\t<\/div>\n\t\t\t\t<\/div>\n\t\t\t\t<\/div>","protected":false},"excerpt":{"rendered":"<p>Entrem\u00e9s Pan chino al vapor Pan al vapor relleno de carne de cerdo ahumado, chorizo chino, shitake, apio, casta\u00f1a de agua, salsa soya y osti\u00f3n\u00a0 \u00a0$165 Rollo Shangri-la Guiso especial de carne de cerdo ahumado, pollo, casta\u00f1a de agua, apio, zanahoria envuelto en crepa de huevo y dorado en fina harina preparada\u00a0 \u00a0$175 CHAR SIU [&hellip;]<\/p>\n","protected":false},"author":3,"featured_media":0,"parent":0,"menu_order":0,"comment_status":"closed","ping_status":"closed","template":"elementor_header_footer","meta":{"_joinchat":[],"footnotes":""},"class_list":["post-33","page","type-page","status-publish","hentry"],"_links":{"self":[{"href":"https:\/\/shangri-la.mx\/en\/wp-json\/wp\/v2\/pages\/33","targetHints":{"allow":["GET"]}}],"collection":[{"href":"https:\/\/shangri-la.mx\/en\/wp-json\/wp\/v2\/pages"}],"about":[{"href":"https:\/\/shangri-la.mx\/en\/wp-json\/wp\/v2\/types\/page"}],"author":[{"embeddable":true,"href":"https:\/\/shangri-la.mx\/en\/wp-json\/wp\/v2\/users\/3"}],"replies":[{"embeddable":true,"href":"https:\/\/shangri-la.mx\/en\/wp-json\/wp\/v2\/comments?post=33"}],"version-history":[{"count":143,"href":"https:\/\/shangri-la.mx\/en\/wp-json\/wp\/v2\/pages\/33\/revisions"}],"predecessor-version":[{"id":1957,"href":"https:\/\/shangri-la.mx\/en\/wp-json\/wp\/v2\/pages\/33\/revisions\/1957"}],"wp:attachment":[{"href":"https:\/\/shangri-la.mx\/en\/wp-json\/wp\/v2\/media?parent=33"}],"curies":[{"name":"wp","href":"https:\/\/api.w.org\/{rel}","templated":true}]}}