{"id":240,"date":"2023-10-06T03:36:41","date_gmt":"2023-10-06T03:36:41","guid":{"rendered":"https:\/\/shangri-la.mx\/?page_id=240"},"modified":"2025-05-07T15:57:35","modified_gmt":"2025-05-07T15:57:35","slug":"especiales","status":"publish","type":"page","link":"https:\/\/shangri-la.mx\/en\/especiales\/","title":{"rendered":"House Specials"},"content":{"rendered":"<div data-elementor-type=\"wp-page\" data-elementor-id=\"240\" class=\"elementor elementor-240\">\n\t\t\t\t<div class=\"elementor-element elementor-element-6e55b62 e-flex e-con-boxed e-con e-parent\" data-id=\"6e55b62\" data-element_type=\"container\" data-e-type=\"container\" data-settings=\"{&quot;background_background&quot;:&quot;classic&quot;}\">\n\t\t\t\t\t<div class=\"e-con-inner\">\n\t\t<div class=\"elementor-element elementor-element-6051c86 e-flex e-con-boxed e-con e-child\" data-id=\"6051c86\" data-element_type=\"container\" data-e-type=\"container\">\n\t\t\t\t\t<div class=\"e-con-inner\">\n\t\t\t\t<div class=\"elementor-element elementor-element-c37b1f9 titulo elementor-widget elementor-widget-heading\" data-id=\"c37b1f9\" data-element_type=\"widget\" data-e-type=\"widget\" data-widget_type=\"heading.default\">\n\t\t\t\t<div class=\"elementor-widget-container\">\n\t\t\t\t\t<h2 class=\"elementor-heading-title elementor-size-default\">House Specials<\/h2>\t\t\t\t<\/div>\n\t\t\t\t<\/div>\n\t\t\t\t\t<\/div>\n\t\t\t\t<\/div>\n\t\t\t\t\t<\/div>\n\t\t\t\t<\/div>\n\t\t<div class=\"elementor-element elementor-element-6f6bfcd e-flex e-con-boxed e-con e-parent\" data-id=\"6f6bfcd\" data-element_type=\"container\" data-e-type=\"container\" data-settings=\"{&quot;background_background&quot;:&quot;classic&quot;}\">\n\t\t\t\t\t<div class=\"e-con-inner\">\n\t\t<div class=\"elementor-element elementor-element-0990954 e-flex e-con-boxed e-con e-child\" data-id=\"0990954\" data-element_type=\"container\" data-e-type=\"container\">\n\t\t\t\t\t<div class=\"e-con-inner\">\n\t\t<div class=\"elementor-element elementor-element-781d2e3 e-flex e-con-boxed e-con e-child\" data-id=\"781d2e3\" data-element_type=\"container\" data-e-type=\"container\">\n\t\t\t\t\t<div class=\"e-con-inner\">\n\t\t\t\t<div class=\"elementor-element elementor-element-07c4ecb elementor-widget elementor-widget-image\" data-id=\"07c4ecb\" data-element_type=\"widget\" data-e-type=\"widget\" data-widget_type=\"image.default\">\n\t\t\t\t<div class=\"elementor-widget-container\">\n\t\t\t\t\t\t\t\t\t\t\t\t\t\t\t<img fetchpriority=\"high\" decoding=\"async\" width=\"800\" height=\"450\" src=\"https:\/\/shangri-la.mx\/wp-content\/uploads\/2025\/05\/Pato-Pekin.jpg\" class=\"attachment-large size-large wp-image-1902\" alt=\"\" srcset=\"https:\/\/shangri-la.mx\/wp-content\/uploads\/2025\/05\/Pato-Pekin.jpg 1000w, https:\/\/shangri-la.mx\/wp-content\/uploads\/2025\/05\/Pato-Pekin-300x169.jpg 300w, https:\/\/shangri-la.mx\/wp-content\/uploads\/2025\/05\/Pato-Pekin-768x432.jpg 768w, https:\/\/shangri-la.mx\/wp-content\/uploads\/2025\/05\/Pato-Pekin-18x10.jpg 18w\" sizes=\"(max-width: 800px) 100vw, 800px\" \/>\t\t\t\t\t\t\t\t\t\t\t\t\t\t\t<\/div>\n\t\t\t\t<\/div>\n\t\t\t\t<div class=\"elementor-element elementor-element-4c811a7 elementor-widget elementor-widget-heading\" data-id=\"4c811a7\" data-element_type=\"widget\" data-e-type=\"widget\" data-widget_type=\"heading.default\">\n\t\t\t\t<div class=\"elementor-widget-container\">\n\t\t\t\t\t<h2 class=\"elementor-heading-title elementor-size-default\">Peking Duck \u201cKaoya\u201d <\/h2>\t\t\t\t<\/div>\n\t\t\t\t<\/div>\n\t\t\t\t<div class=\"elementor-element elementor-element-462a66e elementor-widget elementor-widget-text-editor\" data-id=\"462a66e\" data-element_type=\"widget\" data-e-type=\"widget\" data-widget_type=\"text-editor.default\">\n\t\t\t\t<div class=\"elementor-widget-container\">\n\t\t\t\t\t\t\t\t\t<p>Flour crepe, cilantro, chives, special plum sauce\u00a0 \u00a0<b>$590<\/b><\/p>\t\t\t\t\t\t\t\t<\/div>\n\t\t\t\t<\/div>\n\t\t\t\t\t<\/div>\n\t\t\t\t<\/div>\n\t\t<div class=\"elementor-element elementor-element-713c12f e-flex e-con-boxed e-con e-child\" data-id=\"713c12f\" data-element_type=\"container\" data-e-type=\"container\">\n\t\t\t\t\t<div class=\"e-con-inner\">\n\t\t\t\t<div class=\"elementor-element elementor-element-3473c03 elementor-widget elementor-widget-image\" data-id=\"3473c03\" data-element_type=\"widget\" data-e-type=\"widget\" data-widget_type=\"image.default\">\n\t\t\t\t<div class=\"elementor-widget-container\">\n\t\t\t\t\t\t\t\t\t\t\t\t\t\t\t<img decoding=\"async\" width=\"800\" height=\"450\" src=\"https:\/\/shangri-la.mx\/wp-content\/uploads\/2025\/05\/Rib-eye-Shangri-La.jpg\" class=\"attachment-large size-large wp-image-1904\" alt=\"\" srcset=\"https:\/\/shangri-la.mx\/wp-content\/uploads\/2025\/05\/Rib-eye-Shangri-La.jpg 1000w, https:\/\/shangri-la.mx\/wp-content\/uploads\/2025\/05\/Rib-eye-Shangri-La-300x169.jpg 300w, https:\/\/shangri-la.mx\/wp-content\/uploads\/2025\/05\/Rib-eye-Shangri-La-768x432.jpg 768w, https:\/\/shangri-la.mx\/wp-content\/uploads\/2025\/05\/Rib-eye-Shangri-La-18x10.jpg 18w\" sizes=\"(max-width: 800px) 100vw, 800px\" \/>\t\t\t\t\t\t\t\t\t\t\t\t\t\t\t<\/div>\n\t\t\t\t<\/div>\n\t\t\t\t<div class=\"elementor-element elementor-element-f53b8d2 elementor-widget elementor-widget-heading\" data-id=\"f53b8d2\" data-element_type=\"widget\" data-e-type=\"widget\" data-widget_type=\"heading.default\">\n\t\t\t\t<div class=\"elementor-widget-container\">\n\t\t\t\t\t<h2 class=\"elementor-heading-title elementor-size-default\">Shangri-La Rib Eye <\/h2>\t\t\t\t<\/div>\n\t\t\t\t<\/div>\n\t\t\t\t<div class=\"elementor-element elementor-element-093dc24 elementor-widget elementor-widget-text-editor\" data-id=\"093dc24\" data-element_type=\"widget\" data-e-type=\"widget\" data-widget_type=\"text-editor.default\">\n\t\t\t\t<div class=\"elementor-widget-container\">\n\t\t\t\t\t\t\t\t\t<p>Rib eye with house special sauce, chives, shitake, and corn\u00a0 \u00a0<b>$490<\/b><\/p>\t\t\t\t\t\t\t\t<\/div>\n\t\t\t\t<\/div>\n\t\t\t\t\t<\/div>\n\t\t\t\t<\/div>\n\t\t\t\t\t<\/div>\n\t\t\t\t<\/div>\n\t\t<div class=\"elementor-element elementor-element-4bb5fef e-flex e-con-boxed e-con e-child\" data-id=\"4bb5fef\" data-element_type=\"container\" data-e-type=\"container\">\n\t\t\t\t\t<div class=\"e-con-inner\">\n\t\t<div class=\"elementor-element elementor-element-164105f e-flex e-con-boxed e-con e-child\" data-id=\"164105f\" data-element_type=\"container\" data-e-type=\"container\">\n\t\t\t\t\t<div class=\"e-con-inner\">\n\t\t\t\t<div class=\"elementor-element elementor-element-c566fe9 elementor-widget elementor-widget-image\" data-id=\"c566fe9\" data-element_type=\"widget\" data-e-type=\"widget\" data-widget_type=\"image.default\">\n\t\t\t\t<div class=\"elementor-widget-container\">\n\t\t\t\t\t\t\t\t\t\t\t\t\t\t\t<img decoding=\"async\" width=\"800\" height=\"450\" src=\"https:\/\/shangri-la.mx\/wp-content\/uploads\/2025\/05\/Pescado-Sihuan.jpg\" class=\"attachment-large size-large wp-image-1903\" alt=\"\" srcset=\"https:\/\/shangri-la.mx\/wp-content\/uploads\/2025\/05\/Pescado-Sihuan.jpg 1000w, https:\/\/shangri-la.mx\/wp-content\/uploads\/2025\/05\/Pescado-Sihuan-300x169.jpg 300w, https:\/\/shangri-la.mx\/wp-content\/uploads\/2025\/05\/Pescado-Sihuan-768x432.jpg 768w, https:\/\/shangri-la.mx\/wp-content\/uploads\/2025\/05\/Pescado-Sihuan-18x10.jpg 18w\" sizes=\"(max-width: 800px) 100vw, 800px\" \/>\t\t\t\t\t\t\t\t\t\t\t\t\t\t\t<\/div>\n\t\t\t\t<\/div>\n\t\t\t\t<div class=\"elementor-element elementor-element-3fd90ec elementor-widget elementor-widget-heading\" data-id=\"3fd90ec\" data-element_type=\"widget\" data-e-type=\"widget\" data-widget_type=\"heading.default\">\n\t\t\t\t<div class=\"elementor-widget-container\">\n\t\t\t\t\t<h2 class=\"elementor-heading-title elementor-size-default\">Pescado sichuan <\/h2>\t\t\t\t<\/div>\n\t\t\t\t<\/div>\n\t\t\t\t<div class=\"elementor-element elementor-element-0e3a344 elementor-widget elementor-widget-text-editor\" data-id=\"0e3a344\" data-element_type=\"widget\" data-e-type=\"widget\" data-widget_type=\"text-editor.default\">\n\t\t\t\t<div class=\"elementor-widget-container\">\n\t\t\t\t\t\t\t\t\t<p>Pescado rebosado frito salteado con esp\u00e1rragos, vaina de ch\u00edcharo tierna, shitake, bamboo, frijolillo y salsa picante de osti\u00f3n.\u00a0 \u00a0<b>$420<\/b><\/p>\t\t\t\t\t\t\t\t<\/div>\n\t\t\t\t<\/div>\n\t\t\t\t\t<\/div>\n\t\t\t\t<\/div>\n\t\t<div class=\"elementor-element elementor-element-2e010a3 e-flex e-con-boxed e-con e-child\" data-id=\"2e010a3\" data-element_type=\"container\" data-e-type=\"container\">\n\t\t\t\t\t<div class=\"e-con-inner\">\n\t\t\t\t\t<\/div>\n\t\t\t\t<\/div>\n\t\t\t\t\t<\/div>\n\t\t\t\t<\/div>\n\t\t<div class=\"elementor-element elementor-element-2495a56 e-flex e-con-boxed e-con e-child\" data-id=\"2495a56\" data-element_type=\"container\" data-e-type=\"container\">\n\t\t\t\t\t<div class=\"e-con-inner\">\n\t\t<div class=\"elementor-element elementor-element-426dbed e-flex e-con-boxed e-con e-child\" data-id=\"426dbed\" data-element_type=\"container\" data-e-type=\"container\">\n\t\t\t\t\t<div class=\"e-con-inner\">\n\t\t\t\t\t<\/div>\n\t\t\t\t<\/div>\n\t\t<div class=\"elementor-element elementor-element-09f5461 e-flex e-con-boxed e-con e-child\" data-id=\"09f5461\" data-element_type=\"container\" data-e-type=\"container\">\n\t\t\t\t\t<div class=\"e-con-inner\">\n\t\t\t\t\t<\/div>\n\t\t\t\t<\/div>\n\t\t\t\t\t<\/div>\n\t\t\t\t<\/div>\n\t\t<div class=\"elementor-element elementor-element-e75a374 e-flex e-con-boxed e-con e-child\" data-id=\"e75a374\" data-element_type=\"container\" data-e-type=\"container\">\n\t\t\t\t\t<div class=\"e-con-inner\">\n\t\t\t\t\t<\/div>\n\t\t\t\t<\/div>\n\t\t<div class=\"elementor-element elementor-element-c868652 e-flex e-con-boxed e-con e-child\" data-id=\"c868652\" data-element_type=\"container\" data-e-type=\"container\">\n\t\t\t\t\t<div class=\"e-con-inner\">\n\t\t\t\t\t<\/div>\n\t\t\t\t<\/div>\n\t\t\t\t\t<\/div>\n\t\t\t\t<\/div>\n\t\t\t\t<\/div>","protected":false},"excerpt":{"rendered":"<p>Especiales Pato Pek\u00edn Crepa de harina, cilantro, cebollina, salsa especial de ciruela\u00a0 \u00a0$590 Rib Eye Shangri-La Rib Eye ba\u00f1ado en salsa cinco estrellas en cama de ceboll\u00edn, shitake y elotito tierno\u00a0 \u00a0$490 Pescado sichuan Pescado rebosado frito salteado con esp\u00e1rragos, vaina de ch\u00edcharo tierna, shitake, bamboo, frijolillo y salsa picante de osti\u00f3n.\u00a0 \u00a0$420<\/p>","protected":false},"author":3,"featured_media":0,"parent":0,"menu_order":0,"comment_status":"closed","ping_status":"closed","template":"elementor_header_footer","meta":{"_joinchat":[],"footnotes":""},"class_list":["post-240","page","type-page","status-publish","hentry"],"_links":{"self":[{"href":"https:\/\/shangri-la.mx\/en\/wp-json\/wp\/v2\/pages\/240","targetHints":{"allow":["GET"]}}],"collection":[{"href":"https:\/\/shangri-la.mx\/en\/wp-json\/wp\/v2\/pages"}],"about":[{"href":"https:\/\/shangri-la.mx\/en\/wp-json\/wp\/v2\/types\/page"}],"author":[{"embeddable":true,"href":"https:\/\/shangri-la.mx\/en\/wp-json\/wp\/v2\/users\/3"}],"replies":[{"embeddable":true,"href":"https:\/\/shangri-la.mx\/en\/wp-json\/wp\/v2\/comments?post=240"}],"version-history":[{"count":25,"href":"https:\/\/shangri-la.mx\/en\/wp-json\/wp\/v2\/pages\/240\/revisions"}],"predecessor-version":[{"id":1907,"href":"https:\/\/shangri-la.mx\/en\/wp-json\/wp\/v2\/pages\/240\/revisions\/1907"}],"wp:attachment":[{"href":"https:\/\/shangri-la.mx\/en\/wp-json\/wp\/v2\/media?parent=240"}],"curies":[{"name":"wp","href":"https:\/\/api.w.org\/{rel}","templated":true}]}}