{"id":231,"date":"2023-10-06T03:15:17","date_gmt":"2023-10-06T03:15:17","guid":{"rendered":"https:\/\/shangri-la.mx\/?page_id=231"},"modified":"2025-05-15T01:09:07","modified_gmt":"2025-05-15T01:09:07","slug":"arroz-pasta","status":"publish","type":"page","link":"https:\/\/shangri-la.mx\/en\/arroz-pasta\/","title":{"rendered":"Rice &amp; pasta"},"content":{"rendered":"<div data-elementor-type=\"wp-page\" data-elementor-id=\"231\" class=\"elementor elementor-231\">\n\t\t\t\t<div class=\"elementor-element elementor-element-ce6c734 e-flex e-con-boxed e-con e-parent\" data-id=\"ce6c734\" data-element_type=\"container\" data-e-type=\"container\" data-settings=\"{&quot;background_background&quot;:&quot;classic&quot;}\">\n\t\t\t\t\t<div class=\"e-con-inner\">\n\t\t<div class=\"elementor-element elementor-element-f95a496 e-flex e-con-boxed e-con e-child\" data-id=\"f95a496\" data-element_type=\"container\" data-e-type=\"container\">\n\t\t\t\t\t<div class=\"e-con-inner\">\n\t\t\t\t<div class=\"elementor-element elementor-element-5c6c04d titulo elementor-widget elementor-widget-heading\" data-id=\"5c6c04d\" data-element_type=\"widget\" data-e-type=\"widget\" data-widget_type=\"heading.default\">\n\t\t\t\t<div class=\"elementor-widget-container\">\n\t\t\t\t\t<h2 class=\"elementor-heading-title elementor-size-default\">Arroz  &amp; Pasta<\/h2>\t\t\t\t<\/div>\n\t\t\t\t<\/div>\n\t\t\t\t\t<\/div>\n\t\t\t\t<\/div>\n\t\t\t\t\t<\/div>\n\t\t\t\t<\/div>\n\t\t<div class=\"elementor-element elementor-element-66d6659 e-flex e-con-boxed e-con e-parent\" data-id=\"66d6659\" data-element_type=\"container\" data-e-type=\"container\" data-settings=\"{&quot;background_background&quot;:&quot;classic&quot;}\">\n\t\t\t\t\t<div class=\"e-con-inner\">\n\t\t<div class=\"elementor-element elementor-element-a1ab2e6 e-flex e-con-boxed e-con e-child\" data-id=\"a1ab2e6\" data-element_type=\"container\" data-e-type=\"container\">\n\t\t\t\t\t<div class=\"e-con-inner\">\n\t\t<div class=\"elementor-element elementor-element-5db6213 e-flex e-con-boxed e-con e-child\" data-id=\"5db6213\" data-element_type=\"container\" data-e-type=\"container\">\n\t\t\t\t\t<div class=\"e-con-inner\">\n\t\t\t\t<div class=\"elementor-element elementor-element-06f805e elementor-widget elementor-widget-image\" data-id=\"06f805e\" data-element_type=\"widget\" data-e-type=\"widget\" data-widget_type=\"image.default\">\n\t\t\t\t<div class=\"elementor-widget-container\">\n\t\t\t\t\t\t\t\t\t\t\t\t\t\t\t<img fetchpriority=\"high\" decoding=\"async\" width=\"800\" height=\"451\" src=\"https:\/\/shangri-la.mx\/wp-content\/uploads\/2023\/11\/FIDEO-CHINO.jpg\" class=\"attachment-large size-large wp-image-1443\" alt=\"\" srcset=\"https:\/\/shangri-la.mx\/wp-content\/uploads\/2023\/11\/FIDEO-CHINO.jpg 1000w, https:\/\/shangri-la.mx\/wp-content\/uploads\/2023\/11\/FIDEO-CHINO-300x169.jpg 300w, https:\/\/shangri-la.mx\/wp-content\/uploads\/2023\/11\/FIDEO-CHINO-768x433.jpg 768w, https:\/\/shangri-la.mx\/wp-content\/uploads\/2023\/11\/FIDEO-CHINO-18x10.jpg 18w\" sizes=\"(max-width: 800px) 100vw, 800px\" \/>\t\t\t\t\t\t\t\t\t\t\t\t\t\t\t<\/div>\n\t\t\t\t<\/div>\n\t\t\t\t<div class=\"elementor-element elementor-element-ae80b37 elementor-widget elementor-widget-heading\" data-id=\"ae80b37\" data-element_type=\"widget\" data-e-type=\"widget\" data-widget_type=\"heading.default\">\n\t\t\t\t<div class=\"elementor-widget-container\">\n\t\t\t\t\t<h2 class=\"elementor-heading-title elementor-size-default\">Chop suey mixto <\/h2>\t\t\t\t<\/div>\n\t\t\t\t<\/div>\n\t\t\t\t<div class=\"elementor-element elementor-element-ba206f5 elementor-widget elementor-widget-text-editor\" data-id=\"ba206f5\" data-element_type=\"widget\" data-e-type=\"widget\" data-widget_type=\"text-editor.default\">\n\t\t\t\t<div class=\"elementor-widget-container\">\n\t\t\t\t\t\t\t\t\t<p>Frijolillo, salsa de siya, cerdo ahumado, camar\u00f3n, pollo, cebolla, apio, zanahoria.\u00a0 \u00a0<b>$295<\/b><\/p>\t\t\t\t\t\t\t\t<\/div>\n\t\t\t\t<\/div>\n\t\t\t\t<div class=\"elementor-element elementor-element-4c08623 elementor-widget elementor-widget-image\" data-id=\"4c08623\" data-element_type=\"widget\" data-e-type=\"widget\" data-widget_type=\"image.default\">\n\t\t\t\t<div class=\"elementor-widget-container\">\n\t\t\t\t\t\t\t\t\t\t\t\t\t\t\t<img decoding=\"async\" width=\"800\" height=\"450\" src=\"https:\/\/shangri-la.mx\/wp-content\/uploads\/2025\/05\/Low-mein-Shangri-La.jpg\" class=\"attachment-large size-large wp-image-1888\" alt=\"\" srcset=\"https:\/\/shangri-la.mx\/wp-content\/uploads\/2025\/05\/Low-mein-Shangri-La.jpg 1000w, https:\/\/shangri-la.mx\/wp-content\/uploads\/2025\/05\/Low-mein-Shangri-La-300x169.jpg 300w, https:\/\/shangri-la.mx\/wp-content\/uploads\/2025\/05\/Low-mein-Shangri-La-768x432.jpg 768w, https:\/\/shangri-la.mx\/wp-content\/uploads\/2025\/05\/Low-mein-Shangri-La-18x10.jpg 18w\" sizes=\"(max-width: 800px) 100vw, 800px\" \/>\t\t\t\t\t\t\t\t\t\t\t\t\t\t\t<\/div>\n\t\t\t\t<\/div>\n\t\t\t\t<div class=\"elementor-element elementor-element-a4ec46b elementor-widget elementor-widget-heading\" data-id=\"a4ec46b\" data-element_type=\"widget\" data-e-type=\"widget\" data-widget_type=\"heading.default\">\n\t\t\t\t<div class=\"elementor-widget-container\">\n\t\t\t\t\t<h2 class=\"elementor-heading-title elementor-size-default\">Shangri-La Low Mein <\/h2>\t\t\t\t<\/div>\n\t\t\t\t<\/div>\n\t\t\t\t<div class=\"elementor-element elementor-element-4b0a6d6 elementor-widget elementor-widget-text-editor\" data-id=\"4b0a6d6\" data-element_type=\"widget\" data-e-type=\"widget\" data-widget_type=\"text-editor.default\">\n\t\t\t\t<div class=\"elementor-widget-container\">\n\t\t\t\t\t\t\t\t\t<p>Smoked pork, shrimp, chicken, house noodles, soy sauce, oyster sauce, chives, celery, and carrot\u00a0 \u00a0<b>$295<\/b><\/p>\t\t\t\t\t\t\t\t<\/div>\n\t\t\t\t<\/div>\n\t\t\t\t\t<\/div>\n\t\t\t\t<\/div>\n\t\t<div class=\"elementor-element elementor-element-790bdd2 e-flex e-con-boxed e-con e-child\" data-id=\"790bdd2\" data-element_type=\"container\" data-e-type=\"container\">\n\t\t\t\t\t<div class=\"e-con-inner\">\n\t\t\t\t<div class=\"elementor-element elementor-element-1660528 elementor-widget elementor-widget-image\" data-id=\"1660528\" data-element_type=\"widget\" data-e-type=\"widget\" data-widget_type=\"image.default\">\n\t\t\t\t<div class=\"elementor-widget-container\">\n\t\t\t\t\t\t\t\t\t\t\t\t\t\t\t<img decoding=\"async\" width=\"800\" height=\"450\" src=\"https:\/\/shangri-la.mx\/wp-content\/uploads\/2025\/05\/Udon-especial.jpg\" class=\"attachment-large size-large wp-image-1887\" alt=\"\" srcset=\"https:\/\/shangri-la.mx\/wp-content\/uploads\/2025\/05\/Udon-especial.jpg 1000w, https:\/\/shangri-la.mx\/wp-content\/uploads\/2025\/05\/Udon-especial-300x169.jpg 300w, https:\/\/shangri-la.mx\/wp-content\/uploads\/2025\/05\/Udon-especial-768x432.jpg 768w, https:\/\/shangri-la.mx\/wp-content\/uploads\/2025\/05\/Udon-especial-18x10.jpg 18w\" sizes=\"(max-width: 800px) 100vw, 800px\" \/>\t\t\t\t\t\t\t\t\t\t\t\t\t\t\t<\/div>\n\t\t\t\t<\/div>\n\t\t\t\t<div class=\"elementor-element elementor-element-0857307 elementor-widget elementor-widget-heading\" data-id=\"0857307\" data-element_type=\"widget\" data-e-type=\"widget\" data-widget_type=\"heading.default\">\n\t\t\t\t<div class=\"elementor-widget-container\">\n\t\t\t\t\t<h2 class=\"elementor-heading-title elementor-size-default\">Especial Udon <\/h2>\t\t\t\t<\/div>\n\t\t\t\t<\/div>\n\t\t\t\t<div class=\"elementor-element elementor-element-30a8968 elementor-widget elementor-widget-text-editor\" data-id=\"30a8968\" data-element_type=\"widget\" data-e-type=\"widget\" data-widget_type=\"text-editor.default\">\n\t\t\t\t<div class=\"elementor-widget-container\">\n\t\t\t\t\t\t\t\t\t<p>Shrimp, smoked beef tenderloin, celery, onion, and carrot\u00a0 \u00a0<strong>$295<\/strong><\/p>\t\t\t\t\t\t\t\t<\/div>\n\t\t\t\t<\/div>\n\t\t\t\t<div class=\"elementor-element elementor-element-8d304b5 elementor-widget elementor-widget-image\" data-id=\"8d304b5\" data-element_type=\"widget\" data-e-type=\"widget\" data-widget_type=\"image.default\">\n\t\t\t\t<div class=\"elementor-widget-container\">\n\t\t\t\t\t\t\t\t\t\t\t\t\t\t\t<img loading=\"lazy\" decoding=\"async\" width=\"800\" height=\"450\" src=\"https:\/\/shangri-la.mx\/wp-content\/uploads\/2025\/05\/arroz_cantones.jpg\" class=\"attachment-large size-large wp-image-1951\" alt=\"\" srcset=\"https:\/\/shangri-la.mx\/wp-content\/uploads\/2025\/05\/arroz_cantones.jpg 1000w, https:\/\/shangri-la.mx\/wp-content\/uploads\/2025\/05\/arroz_cantones-300x169.jpg 300w, https:\/\/shangri-la.mx\/wp-content\/uploads\/2025\/05\/arroz_cantones-768x432.jpg 768w, https:\/\/shangri-la.mx\/wp-content\/uploads\/2025\/05\/arroz_cantones-18x10.jpg 18w\" sizes=\"(max-width: 800px) 100vw, 800px\" \/>\t\t\t\t\t\t\t\t\t\t\t\t\t\t\t<\/div>\n\t\t\t\t<\/div>\n\t\t\t\t<div class=\"elementor-element elementor-element-2a914f2 elementor-widget elementor-widget-heading\" data-id=\"2a914f2\" data-element_type=\"widget\" data-e-type=\"widget\" data-widget_type=\"heading.default\">\n\t\t\t\t<div class=\"elementor-widget-container\">\n\t\t\t\t\t<h2 class=\"elementor-heading-title elementor-size-default\">Cantonese Rice <\/h2>\t\t\t\t<\/div>\n\t\t\t\t<\/div>\n\t\t\t\t<div class=\"elementor-element elementor-element-01389e5 elementor-widget elementor-widget-text-editor\" data-id=\"01389e5\" data-element_type=\"widget\" data-e-type=\"widget\" data-widget_type=\"text-editor.default\">\n\t\t\t\t<div class=\"elementor-widget-container\">\n\t\t\t\t\t\t\t\t\t<p>Smoked pork, shrimp, chicken, Chinese sausage, soy sauce, chives, celery, carrot, and peas\u00a0 \u00a0<strong>$230<\/strong><\/p>\t\t\t\t\t\t\t\t<\/div>\n\t\t\t\t<\/div>\n\t\t\t\t\t<\/div>\n\t\t\t\t<\/div>\n\t\t\t\t\t<\/div>\n\t\t\t\t<\/div>\n\t\t\t\t\t<\/div>\n\t\t\t\t<\/div>\n\t\t\t\t<\/div>","protected":false},"excerpt":{"rendered":"<p>Arroz &#038; Pasta Chop suey mixto Frijolillo, salsa de siya, cerdo ahumado, camar\u00f3n, pollo, cebolla, apio, zanahoria.\u00a0 \u00a0$295 Low Mein Shangri-La Cerdo ahumado, camar\u00f3n, pollo, tallar\u00edn de la casa, salsa soya, salsa de osti\u00f3n, ceboll\u00edn, apio, zanahoria\u00a0 \u00a0$295 Ud\u00f3n Especial Camar\u00f3n, lomo de res ahumado, apio, cebolla, zanahoria\u00a0 \u00a0$295 Arroz Canton\u00e9s Cerdo ahumado, camar\u00f3n, pollo, [&hellip;]<\/p>\n","protected":false},"author":3,"featured_media":0,"parent":0,"menu_order":0,"comment_status":"closed","ping_status":"closed","template":"elementor_header_footer","meta":{"_joinchat":[],"footnotes":""},"class_list":["post-231","page","type-page","status-publish","hentry"],"_links":{"self":[{"href":"https:\/\/shangri-la.mx\/en\/wp-json\/wp\/v2\/pages\/231","targetHints":{"allow":["GET"]}}],"collection":[{"href":"https:\/\/shangri-la.mx\/en\/wp-json\/wp\/v2\/pages"}],"about":[{"href":"https:\/\/shangri-la.mx\/en\/wp-json\/wp\/v2\/types\/page"}],"author":[{"embeddable":true,"href":"https:\/\/shangri-la.mx\/en\/wp-json\/wp\/v2\/users\/3"}],"replies":[{"embeddable":true,"href":"https:\/\/shangri-la.mx\/en\/wp-json\/wp\/v2\/comments?post=231"}],"version-history":[{"count":37,"href":"https:\/\/shangri-la.mx\/en\/wp-json\/wp\/v2\/pages\/231\/revisions"}],"predecessor-version":[{"id":1954,"href":"https:\/\/shangri-la.mx\/en\/wp-json\/wp\/v2\/pages\/231\/revisions\/1954"}],"wp:attachment":[{"href":"https:\/\/shangri-la.mx\/en\/wp-json\/wp\/v2\/media?parent=231"}],"curies":[{"name":"wp","href":"https:\/\/api.w.org\/{rel}","templated":true}]}}