{"id":1924,"date":"2025-05-13T15:40:17","date_gmt":"2025-05-13T15:40:17","guid":{"rendered":"https:\/\/shangri-la.mx\/?page_id=1924"},"modified":"2025-05-15T01:07:21","modified_gmt":"2025-05-15T01:07:21","slug":"menu-kids","status":"publish","type":"page","link":"https:\/\/shangri-la.mx\/en\/menu-kids\/","title":{"rendered":"Men\u00fa Kids"},"content":{"rendered":"<div data-elementor-type=\"wp-page\" data-elementor-id=\"1924\" class=\"elementor elementor-1924\">\n\t\t\t\t<div class=\"elementor-element elementor-element-ce6c734 e-flex e-con-boxed e-con e-parent\" data-id=\"ce6c734\" data-element_type=\"container\" data-e-type=\"container\" data-settings=\"{&quot;background_background&quot;:&quot;classic&quot;}\">\n\t\t\t\t\t<div class=\"e-con-inner\">\n\t\t<div class=\"elementor-element elementor-element-f95a496 e-flex e-con-boxed e-con e-child\" data-id=\"f95a496\" data-element_type=\"container\" data-e-type=\"container\">\n\t\t\t\t\t<div class=\"e-con-inner\">\n\t\t\t\t<div class=\"elementor-element elementor-element-5c6c04d titulo elementor-widget elementor-widget-heading\" data-id=\"5c6c04d\" data-element_type=\"widget\" data-e-type=\"widget\" data-widget_type=\"heading.default\">\n\t\t\t\t<div class=\"elementor-widget-container\">\n\t\t\t\t\t<h2 class=\"elementor-heading-title elementor-size-default\">Paquete Kids<\/h2>\t\t\t\t<\/div>\n\t\t\t\t<\/div>\n\t\t\t\t\t<\/div>\n\t\t\t\t<\/div>\n\t\t\t\t\t<\/div>\n\t\t\t\t<\/div>\n\t\t<div class=\"elementor-element elementor-element-66d6659 e-flex e-con-boxed e-con e-parent\" data-id=\"66d6659\" data-element_type=\"container\" data-e-type=\"container\" data-settings=\"{&quot;background_background&quot;:&quot;classic&quot;}\">\n\t\t\t\t\t<div class=\"e-con-inner\">\n\t\t<div class=\"elementor-element elementor-element-a1ab2e6 e-flex e-con-boxed e-con e-child\" data-id=\"a1ab2e6\" data-element_type=\"container\" data-e-type=\"container\">\n\t\t\t\t\t<div class=\"e-con-inner\">\n\t\t<div class=\"elementor-element elementor-element-5db6213 e-flex e-con-boxed e-con e-child\" data-id=\"5db6213\" data-element_type=\"container\" data-e-type=\"container\">\n\t\t\t\t\t<div class=\"e-con-inner\">\n\t\t\t\t<div class=\"elementor-element elementor-element-06f805e elementor-widget elementor-widget-image\" data-id=\"06f805e\" data-element_type=\"widget\" data-e-type=\"widget\" data-widget_type=\"image.default\">\n\t\t\t\t<div class=\"elementor-widget-container\">\n\t\t\t\t\t\t\t\t\t\t\t\t\t\t\t<img fetchpriority=\"high\" decoding=\"async\" width=\"800\" height=\"450\" src=\"https:\/\/shangri-la.mx\/wp-content\/uploads\/2025\/05\/Menu-ninos-02.jpg\" class=\"attachment-large size-large wp-image-1931\" alt=\"\" srcset=\"https:\/\/shangri-la.mx\/wp-content\/uploads\/2025\/05\/Menu-ninos-02.jpg 1000w, https:\/\/shangri-la.mx\/wp-content\/uploads\/2025\/05\/Menu-ninos-02-300x169.jpg 300w, https:\/\/shangri-la.mx\/wp-content\/uploads\/2025\/05\/Menu-ninos-02-768x432.jpg 768w, https:\/\/shangri-la.mx\/wp-content\/uploads\/2025\/05\/Menu-ninos-02-18x10.jpg 18w\" sizes=\"(max-width: 800px) 100vw, 800px\" \/>\t\t\t\t\t\t\t\t\t\t\t\t\t\t\t<\/div>\n\t\t\t\t<\/div>\n\t\t\t\t<div class=\"elementor-element elementor-element-ae80b37 elementor-widget elementor-widget-heading\" data-id=\"ae80b37\" data-element_type=\"widget\" data-e-type=\"widget\" data-widget_type=\"heading.default\">\n\t\t\t\t<div class=\"elementor-widget-container\">\n\t\t\t\t\t<h2 class=\"elementor-heading-title elementor-size-default\">Pollo pi\u00f1a o naranja<\/h2>\t\t\t\t<\/div>\n\t\t\t\t<\/div>\n\t\t\t\t<div class=\"elementor-element elementor-element-ba206f5 elementor-widget elementor-widget-text-editor\" data-id=\"ba206f5\" data-element_type=\"widget\" data-e-type=\"widget\" data-widget_type=\"text-editor.default\">\n\t\t\t\t<div class=\"elementor-widget-container\">\n\t\t\t\t\t\t\t\t\t<p>Pollo capeado en salsa de pi\u00f1a o naranja, acompa\u00f1ado de arroz blanco y de postre una bola de nieve.\u00a0 \u00a0<b>$180<\/b><\/p>\t\t\t\t\t\t\t\t<\/div>\n\t\t\t\t<\/div>\n\t\t\t\t<div class=\"elementor-element elementor-element-4c08623 elementor-widget elementor-widget-image\" data-id=\"4c08623\" data-element_type=\"widget\" data-e-type=\"widget\" data-widget_type=\"image.default\">\n\t\t\t\t<div class=\"elementor-widget-container\">\n\t\t\t\t\t\t\t\t\t\t\t\t\t\t\t<img decoding=\"async\" width=\"800\" height=\"450\" src=\"https:\/\/shangri-la.mx\/wp-content\/uploads\/2025\/05\/Menu-ninos-03-1.jpg\" class=\"attachment-large size-large wp-image-1936\" alt=\"\" srcset=\"https:\/\/shangri-la.mx\/wp-content\/uploads\/2025\/05\/Menu-ninos-03-1.jpg 1000w, https:\/\/shangri-la.mx\/wp-content\/uploads\/2025\/05\/Menu-ninos-03-1-300x169.jpg 300w, https:\/\/shangri-la.mx\/wp-content\/uploads\/2025\/05\/Menu-ninos-03-1-768x432.jpg 768w, https:\/\/shangri-la.mx\/wp-content\/uploads\/2025\/05\/Menu-ninos-03-1-18x10.jpg 18w\" sizes=\"(max-width: 800px) 100vw, 800px\" \/>\t\t\t\t\t\t\t\t\t\t\t\t\t\t\t<\/div>\n\t\t\t\t<\/div>\n\t\t\t\t<div class=\"elementor-element elementor-element-a4ec46b elementor-widget elementor-widget-heading\" data-id=\"a4ec46b\" data-element_type=\"widget\" data-e-type=\"widget\" data-widget_type=\"heading.default\">\n\t\t\t\t<div class=\"elementor-widget-container\">\n\t\t\t\t\t<h2 class=\"elementor-heading-title elementor-size-default\">Alitas BBQ (6 pzas.)<\/h2>\t\t\t\t<\/div>\n\t\t\t\t<\/div>\n\t\t\t\t<div class=\"elementor-element elementor-element-4b0a6d6 elementor-widget elementor-widget-text-editor\" data-id=\"4b0a6d6\" data-element_type=\"widget\" data-e-type=\"widget\" data-widget_type=\"text-editor.default\">\n\t\t\t\t<div class=\"elementor-widget-container\">\n\t\t\t\t\t\t\t\t\t<p>Acompa\u00f1ado de papas fritas y de postre una bola de nieve.\u00a0 \u00a0<b>$180<\/b><\/p>\t\t\t\t\t\t\t\t<\/div>\n\t\t\t\t<\/div>\n\t\t\t\t\t<\/div>\n\t\t\t\t<\/div>\n\t\t<div class=\"elementor-element elementor-element-790bdd2 e-flex e-con-boxed e-con e-child\" data-id=\"790bdd2\" data-element_type=\"container\" data-e-type=\"container\">\n\t\t\t\t\t<div class=\"e-con-inner\">\n\t\t\t\t<div class=\"elementor-element elementor-element-1660528 elementor-widget elementor-widget-image\" data-id=\"1660528\" data-element_type=\"widget\" data-e-type=\"widget\" data-widget_type=\"image.default\">\n\t\t\t\t<div class=\"elementor-widget-container\">\n\t\t\t\t\t\t\t\t\t\t\t\t\t\t\t<img decoding=\"async\" width=\"800\" height=\"450\" src=\"https:\/\/shangri-la.mx\/wp-content\/uploads\/2025\/05\/Menu-ninos-01-1.jpg\" class=\"attachment-large size-large wp-image-1930\" alt=\"\" srcset=\"https:\/\/shangri-la.mx\/wp-content\/uploads\/2025\/05\/Menu-ninos-01-1.jpg 1000w, https:\/\/shangri-la.mx\/wp-content\/uploads\/2025\/05\/Menu-ninos-01-1-300x169.jpg 300w, https:\/\/shangri-la.mx\/wp-content\/uploads\/2025\/05\/Menu-ninos-01-1-768x432.jpg 768w, https:\/\/shangri-la.mx\/wp-content\/uploads\/2025\/05\/Menu-ninos-01-1-18x10.jpg 18w\" sizes=\"(max-width: 800px) 100vw, 800px\" \/>\t\t\t\t\t\t\t\t\t\t\t\t\t\t\t<\/div>\n\t\t\t\t<\/div>\n\t\t\t\t<div class=\"elementor-element elementor-element-0857307 elementor-widget elementor-widget-heading\" data-id=\"0857307\" data-element_type=\"widget\" data-e-type=\"widget\" data-widget_type=\"heading.default\">\n\t\t\t\t<div class=\"elementor-widget-container\">\n\t\t\t\t\t<h2 class=\"elementor-heading-title elementor-size-default\">Nuggets de pollo (8 pzas.)<\/h2>\t\t\t\t<\/div>\n\t\t\t\t<\/div>\n\t\t\t\t<div class=\"elementor-element elementor-element-30a8968 elementor-widget elementor-widget-text-editor\" data-id=\"30a8968\" data-element_type=\"widget\" data-e-type=\"widget\" data-widget_type=\"text-editor.default\">\n\t\t\t\t<div class=\"elementor-widget-container\">\n\t\t\t\t\t\t\t\t\t<p>Acompa\u00f1ado de papas fritas y de postre una bola de nieve.\u00a0 \u00a0<strong>$180<\/strong><\/p>\t\t\t\t\t\t\t\t<\/div>\n\t\t\t\t<\/div>\n\t\t\t\t<div class=\"elementor-element elementor-element-7731da3 elementor-widget elementor-widget-image\" data-id=\"7731da3\" data-element_type=\"widget\" data-e-type=\"widget\" data-widget_type=\"image.default\">\n\t\t\t\t<div class=\"elementor-widget-container\">\n\t\t\t\t\t\t\t\t\t\t\t\t\t\t\t<img loading=\"lazy\" decoding=\"async\" width=\"800\" height=\"450\" src=\"https:\/\/shangri-la.mx\/wp-content\/uploads\/2025\/05\/nieve_chocolate.jpg\" class=\"attachment-large size-large wp-image-1946\" alt=\"\" srcset=\"https:\/\/shangri-la.mx\/wp-content\/uploads\/2025\/05\/nieve_chocolate.jpg 1000w, https:\/\/shangri-la.mx\/wp-content\/uploads\/2025\/05\/nieve_chocolate-300x169.jpg 300w, https:\/\/shangri-la.mx\/wp-content\/uploads\/2025\/05\/nieve_chocolate-768x432.jpg 768w, https:\/\/shangri-la.mx\/wp-content\/uploads\/2025\/05\/nieve_chocolate-18x10.jpg 18w\" sizes=\"(max-width: 800px) 100vw, 800px\" \/>\t\t\t\t\t\t\t\t\t\t\t\t\t\t\t<\/div>\n\t\t\t\t<\/div>\n\t\t\t\t<div class=\"elementor-element elementor-element-ea164a4 elementor-widget elementor-widget-image\" data-id=\"ea164a4\" data-element_type=\"widget\" data-e-type=\"widget\" data-widget_type=\"image.default\">\n\t\t\t\t<div class=\"elementor-widget-container\">\n\t\t\t\t\t\t\t\t\t\t\t\t\t\t\t<img loading=\"lazy\" decoding=\"async\" width=\"800\" height=\"450\" src=\"https:\/\/shangri-la.mx\/wp-content\/uploads\/2025\/05\/nieve_vainilla.jpg\" class=\"attachment-large size-large wp-image-1947\" alt=\"\" srcset=\"https:\/\/shangri-la.mx\/wp-content\/uploads\/2025\/05\/nieve_vainilla.jpg 1000w, https:\/\/shangri-la.mx\/wp-content\/uploads\/2025\/05\/nieve_vainilla-300x169.jpg 300w, https:\/\/shangri-la.mx\/wp-content\/uploads\/2025\/05\/nieve_vainilla-768x432.jpg 768w, https:\/\/shangri-la.mx\/wp-content\/uploads\/2025\/05\/nieve_vainilla-18x10.jpg 18w\" sizes=\"(max-width: 800px) 100vw, 800px\" \/>\t\t\t\t\t\t\t\t\t\t\t\t\t\t\t<\/div>\n\t\t\t\t<\/div>\n\t\t\t\t\t<\/div>\n\t\t\t\t<\/div>\n\t\t\t\t\t<\/div>\n\t\t\t\t<\/div>\n\t\t\t\t\t<\/div>\n\t\t\t\t<\/div>\n\t\t\t\t<\/div>","protected":false},"excerpt":{"rendered":"<p>Paquete Kids Pollo pi\u00f1a o naranja Pollo capeado en salsa de pi\u00f1a o naranja, acompa\u00f1ado de arroz blanco y de postre una bola de nieve.\u00a0 \u00a0$180 Alitas BBQ (6 pzas.) Acompa\u00f1ado de papas fritas y de postre una bola de nieve.\u00a0 \u00a0$180 Nuggets de pollo (8 pzas.) Acompa\u00f1ado de papas fritas y de postre una [&hellip;]<\/p>\n","protected":false},"author":3,"featured_media":0,"parent":0,"menu_order":0,"comment_status":"closed","ping_status":"closed","template":"elementor_header_footer","meta":{"_joinchat":[],"footnotes":""},"class_list":["post-1924","page","type-page","status-publish","hentry"],"_links":{"self":[{"href":"https:\/\/shangri-la.mx\/en\/wp-json\/wp\/v2\/pages\/1924","targetHints":{"allow":["GET"]}}],"collection":[{"href":"https:\/\/shangri-la.mx\/en\/wp-json\/wp\/v2\/pages"}],"about":[{"href":"https:\/\/shangri-la.mx\/en\/wp-json\/wp\/v2\/types\/page"}],"author":[{"embeddable":true,"href":"https:\/\/shangri-la.mx\/en\/wp-json\/wp\/v2\/users\/3"}],"replies":[{"embeddable":true,"href":"https:\/\/shangri-la.mx\/en\/wp-json\/wp\/v2\/comments?post=1924"}],"version-history":[{"count":10,"href":"https:\/\/shangri-la.mx\/en\/wp-json\/wp\/v2\/pages\/1924\/revisions"}],"predecessor-version":[{"id":1950,"href":"https:\/\/shangri-la.mx\/en\/wp-json\/wp\/v2\/pages\/1924\/revisions\/1950"}],"wp:attachment":[{"href":"https:\/\/shangri-la.mx\/en\/wp-json\/wp\/v2\/media?parent=1924"}],"curies":[{"name":"wp","href":"https:\/\/api.w.org\/{rel}","templated":true}]}}